{"id":1642,"date":"2023-07-17T15:25:08","date_gmt":"2023-07-17T22:25:08","guid":{"rendered":"https:\/\/schiffcriminaldefense.com\/delitos-de-robo\/"},"modified":"2025-06-30T15:23:45","modified_gmt":"2025-06-30T22:23:45","slug":"delitos-de-robo","status":"publish","type":"page","link":"https:\/\/schiffcriminaldefense.com\/es\/delitos-de-robo\/","title":{"rendered":"Delitos de robo"},"content":{"rendered":"<p><div class=\"fusion-fullwidth fullwidth-box fusion-builder-row-1 fusion-parallax-none nonhundred-percent-fullwidth non-hundred-percent-height-scrolling\" style=\"--awb-background-position:right bottom;--awb-border-radius-top-left:0px;--awb-border-radius-top-right:0px;--awb-border-radius-bottom-right:0px;--awb-border-radius-bottom-left:0px;--awb-padding-top:21%;--awb-padding-bottom:12%;--awb-background-image:url(&quot;https:\/\/schiffcriminaldefense.com\/wp-content\/uploads\/2019\/07\/about-header-50.jpg&quot;);--awb-background-size:cover;--awb-flex-wrap:wrap;\" ><div class=\"fusion-builder-row fusion-row\"><div class=\"fusion-layout-column fusion_builder_column fusion-builder-column-0 fusion_builder_column_1_1 1_1 fusion-one-full fusion-column-first fusion-column-last\" style=\"--awb-bg-size:cover;\"><div class=\"fusion-column-wrapper fusion-flex-column-wrapper-legacy\"><div class=\"fusion-title title fusion-title-1 fusion-sep-none fusion-title-text fusion-title-size-one\" style=\"--awb-text-color:#ffffff;--awb-margin-top:60px;--awb-margin-top-small:180px;\"><h1 class=\"fusion-title-heading title-heading-left fusion-responsive-typography-calculated\" style=\"margin:0;--fontSize:56;line-height:1.4;\">Delitos de robo<\/h1><\/div><div class=\"fusion-clearfix\"><\/div><\/div><\/div><\/div><\/div><div class=\"fusion-fullwidth fullwidth-box fusion-builder-row-2 nonhundred-percent-fullwidth non-hundred-percent-height-scrolling\" style=\"--awb-border-radius-top-left:0px;--awb-border-radius-top-right:0px;--awb-border-radius-bottom-right:0px;--awb-border-radius-bottom-left:0px;--awb-padding-top:80px;--awb-padding-bottom:80px;--awb-background-color:rgba(255,255,255,0);--awb-flex-wrap:wrap;\" ><div class=\"fusion-builder-row fusion-row\"><div class=\"fusion-layout-column fusion_builder_column fusion-builder-column-1 fusion_builder_column_1_2 1_2 fusion-one-half fusion-column-first fusion-animated\" style=\"--awb-bg-size:cover;width:50%;width:calc(50% - ( ( 4% ) * 0.5 ) );margin-right: 4%;\" data-animationType=\"fadeInLeft\" data-animationDuration=\"0.6\" data-animationOffset=\"top-into-view\"><div class=\"fusion-column-wrapper fusion-column-has-shadow fusion-flex-column-wrapper-legacy\"><div class=\"fusion-text fusion-text-1 fusion-text-no-margin\" style=\"--awb-margin-bottom:10px;\"><p>Obviamente, los delitos de robo abarcan una amplia gama de actividades, desde el simple hurto en una tienda hasta la malversaci\u00f3n de fondos de un empleador, pasando por el fraude fiscal o el fraude a la seguridad social. El atraco, el hurto mayor y el robo en viviendas son otros tipos de delitos graves de hurto. La Propuesta 47 de los votantes de California cre\u00f3 el art\u00edculo 459.5 adicional del C\u00f3digo Penal, que reduc\u00eda el robo con fuerza en establecimientos comerciales a un delito menor cuando la intenci\u00f3n de entrar en un establecimiento comercial durante el horario comercial habitual es llevarse algo de valor inferior a 950 d\u00f3lares. Adem\u00e1s, cualquier acto de hurto de bienes de menos de 950 $ debe ser acusado como delito menor de hurto. Tambi\u00e9n se a\u00f1adi\u00f3 el art\u00edculo 490.2 del C\u00f3digo Penal para definir expresamente el hurto menor como la sustracci\u00f3n de cualquier bien cuyo valor sea inferior a 950 d\u00f3lares. Tambi\u00e9n se aumentaron a 950 d\u00f3lares los umbrales de los delitos menores de falsificaci\u00f3n, insuficiencia de fondos y receptaci\u00f3n de objetos robados.<\/p>\n<p>En los casos de los delitos de robo m\u00e1s complicados, como el fraude fiscal o la malversaci\u00f3n, es importante contar con un abogado que tenga la experiencia necesaria en juicios para establecer la verdadera intenci\u00f3n del acusado, mediante un riguroso contrainterrogatorio tras una investigaci\u00f3n exhaustiva. A menudo, los contactos entre funcionarios y acusados revelan ambig\u00fcedades que pueden aprovecharse para obtener mejores resultados. En el caso de malversaci\u00f3n de fondos, una investigaci\u00f3n exhaustiva de la relaci\u00f3n existente entre el empleador y el acusado puede revelar igualmente una intenci\u00f3n poco clara detr\u00e1s de una supuesta acci\u00f3n delictiva que un jurado puede ver con simpat\u00eda.<\/p>\n<\/div><div class=\"fusion-sep-clear\"><\/div><div class=\"fusion-separator fusion-full-width-sep\" style=\"margin-left: auto;margin-right: auto;margin-top:40px;margin-bottom:40px;width:100%;\"><div class=\"fusion-separator-border sep-single sep-solid\" style=\"--awb-height:20px;--awb-amount:20px;border-color:#e0dede;border-top-width:1px;\"><\/div><\/div><div class=\"fusion-sep-clear\"><\/div><div class=\"fusion-clearfix\"><\/div><\/div><\/div><div class=\"fusion-layout-column fusion_builder_column fusion-builder-column-2 fusion_builder_column_1_2 1_2 fusion-one-half fusion-column-last fusion-animated\" style=\"--awb-padding-top:20px;--awb-padding-right:40px;--awb-padding-bottom:40px;--awb-padding-left:40px;--awb-overflow:hidden;--awb-bg-color:#ffffff;--awb-bg-color-hover:#ffffff;--awb-bg-size:cover;--awb-box-shadow:0px 25px 20px 0px rgba(81,81,81,0.1);;--awb-border-color:#eaeaea;--awb-border-top:0;--awb-border-right:0;--awb-border-bottom:0;--awb-border-left:0;--awb-border-style:solid;--awb-border-radius:10px 10px 10px 10px;--awb-margin-top:-80px;width:50%;width:calc(50% - ( ( 4% ) * 0.5 ) );\" data-animationType=\"fadeInUp\" data-animationDuration=\"0.6\" data-animationOffset=\"top-into-view\"><div class=\"fusion-column-wrapper fusion-column-has-shadow fusion-flex-column-wrapper-legacy\"><div class=\"fusion-image-element in-legacy-container\" style=\"--awb-caption-title-font-family:var(--h2_typography-font-family);--awb-caption-title-font-weight:var(--h2_typography-font-weight);--awb-caption-title-font-style:var(--h2_typography-font-style);--awb-caption-title-size:var(--h2_typography-font-size);--awb-caption-title-transform:var(--h2_typography-text-transform);--awb-caption-title-line-height:var(--h2_typography-line-height);--awb-caption-title-letter-spacing:var(--h2_typography-letter-spacing);\"><span class=\" fusion-imageframe imageframe-none imageframe-1 hover-type-none\"><img decoding=\"async\" width=\"600\" height=\"869\" title=\"Ben-Schiff-criminal-defense-lawyer-2\" data-src=\"https:\/\/schiffcriminaldefense.com\/wp-content\/uploads\/2019\/07\/Ben-Schiff-criminal-defense-lawyer-2.jpg\" alt class=\"img-responsive wp-image-1027 lazyload\" data-srcset=\"https:\/\/schiffcriminaldefense.com\/wp-content\/uploads\/2019\/07\/Ben-Schiff-criminal-defense-lawyer-2-200x290.jpg 200w, https:\/\/schiffcriminaldefense.com\/wp-content\/uploads\/2019\/07\/Ben-Schiff-criminal-defense-lawyer-2-400x579.jpg 400w, https:\/\/schiffcriminaldefense.com\/wp-content\/uploads\/2019\/07\/Ben-Schiff-criminal-defense-lawyer-2.jpg 600w\" data-sizes=\"(max-width: 800px) 100vw, 600px\" src=\"data:image\/svg+xml;base64,PHN2ZyB3aWR0aD0iMSIgaGVpZ2h0PSIxIiB4bWxucz0iaHR0cDovL3d3dy53My5vcmcvMjAwMC9zdmciPjwvc3ZnPg==\" style=\"--smush-placeholder-width: 600px; --smush-placeholder-aspect-ratio: 600\/869;\" \/><\/span><\/div><div class=\"fusion-text fusion-text-2\"><h2 style=\"text-align: center;\">Benjamin I. Schiff<br \/>\nAbogado Criminalista<\/h2>\n<\/div><div class=\"fusion-title title fusion-title-2 fusion-sep-none fusion-title-center fusion-title-text fusion-title-size-three\" style=\"--awb-margin-top-small:0px;--awb-margin-bottom-small:20px;\"><h3 class=\"fusion-title-heading title-heading-center fusion-responsive-typography-calculated\" style=\"margin:0;--fontSize:34;line-height:1.5;\">Solicite una Consulta<\/h3><\/div><div class=\"fusion-text fusion-text-3\"><p style=\"text-align: center;\">Una consulta inicial gratuita para ver si hago un buen ajuste para su caso.<\/p>\n<\/div><div class=\"fusion-button-wrapper fusion-aligncenter\"><a class=\"fusion-button button-flat fusion-button-default-size button-default fusion-button-default button-1 fusion-button-default-span fusion-button-default-type\" target=\"_self\" href=\"tel:\/\/6197347491\"><span class=\"fusion-button-text awb-button__text awb-button__text--default\">619-734-7491<\/span><\/a><\/div><div class=\"fusion-clearfix\"><\/div><\/div><\/div><\/div><\/div><\/p>\n","protected":false},"excerpt":{"rendered":"","protected":false},"author":1,"featured_media":0,"parent":0,"menu_order":0,"comment_status":"closed","ping_status":"closed","template":"100-width.php","meta":{"footnotes":""},"class_list":["post-1642","page","type-page","status-publish","hentry"],"yoast_head":"<!-- This site is optimized with the Yoast SEO plugin v27.4 - https:\/\/yoast.com\/product\/yoast-seo-wordpress\/ -->\n<title>Delitos de robo - Benjamin I. Schiff Criminal Defense Attorney Redlands, San Bernardino &amp; Riverside<\/title>\n<meta name=\"description\" content=\"Los delitos de robo abarcan una amplia gama de actividades, desde el simple hurto en una tienda a la malversaci\u00f3n de fondos de un empleador, pasando por el fraude fiscal y el fraude a la seguridad social.\" \/>\n<meta name=\"robots\" content=\"index, follow, max-snippet:-1, max-image-preview:large, max-video-preview:-1\" \/>\n<link rel=\"canonical\" href=\"https:\/\/schiffcriminaldefense.com\/es\/delitos-de-robo\/\" \/>\n<meta property=\"og:locale\" content=\"es_ES\" \/>\n<meta property=\"og:type\" content=\"article\" \/>\n<meta property=\"og:title\" content=\"Delitos de robo - Benjamin I. Schiff Criminal Defense Attorney Redlands, San Bernardino &amp; Riverside\" \/>\n<meta property=\"og:description\" content=\"Los delitos de robo abarcan una amplia gama de actividades, desde el simple hurto en una tienda a la malversaci\u00f3n de fondos de un empleador, pasando por el fraude fiscal y el fraude a la seguridad social.\" \/>\n<meta property=\"og:url\" content=\"https:\/\/schiffcriminaldefense.com\/es\/delitos-de-robo\/\" \/>\n<meta property=\"og:site_name\" content=\"Benjamin I. Schiff Criminal Defense Attorney\" \/>\n<meta property=\"article:modified_time\" content=\"2025-06-30T22:23:45+00:00\" \/>\n<meta name=\"twitter:card\" content=\"summary_large_image\" \/>\n<meta name=\"twitter:label1\" content=\"Tiempo de lectura\" \/>\n\t<meta name=\"twitter:data1\" content=\"7 minutos\" \/>\n<script type=\"application\/ld+json\" class=\"yoast-schema-graph\">{\"@context\":\"https:\\\/\\\/schema.org\",\"@graph\":[{\"@type\":\"WebPage\",\"@id\":\"https:\\\/\\\/schiffcriminaldefense.com\\\/es\\\/delitos-de-robo\\\/\",\"url\":\"https:\\\/\\\/schiffcriminaldefense.com\\\/es\\\/delitos-de-robo\\\/\",\"name\":\"Delitos de robo - Benjamin I. Schiff Criminal Defense Attorney Redlands, San Bernardino & Riverside\",\"isPartOf\":{\"@id\":\"https:\\\/\\\/schiffcriminaldefense.com\\\/es\\\/#website\"},\"datePublished\":\"2023-07-17T22:25:08+00:00\",\"dateModified\":\"2025-06-30T22:23:45+00:00\",\"description\":\"Los delitos de robo abarcan una amplia gama de actividades, desde el simple hurto en una tienda a la malversaci\u00f3n de fondos de un empleador, pasando por el fraude fiscal y el fraude a la seguridad social.\",\"breadcrumb\":{\"@id\":\"https:\\\/\\\/schiffcriminaldefense.com\\\/es\\\/delitos-de-robo\\\/#breadcrumb\"},\"inLanguage\":\"es\",\"potentialAction\":[{\"@type\":\"ReadAction\",\"target\":[\"https:\\\/\\\/schiffcriminaldefense.com\\\/es\\\/delitos-de-robo\\\/\"]}]},{\"@type\":\"BreadcrumbList\",\"@id\":\"https:\\\/\\\/schiffcriminaldefense.com\\\/es\\\/delitos-de-robo\\\/#breadcrumb\",\"itemListElement\":[{\"@type\":\"ListItem\",\"position\":1,\"name\":\"Home\",\"item\":\"https:\\\/\\\/schiffcriminaldefense.com\\\/es\\\/home\\\/\"},{\"@type\":\"ListItem\",\"position\":2,\"name\":\"Delitos de robo\"}]},{\"@type\":\"WebSite\",\"@id\":\"https:\\\/\\\/schiffcriminaldefense.com\\\/es\\\/#website\",\"url\":\"https:\\\/\\\/schiffcriminaldefense.com\\\/es\\\/\",\"name\":\"Benjamin I. Schiff Criminal Defense Attorney\",\"description\":\"San Diego, San Bernardino, Riverside Counties\",\"potentialAction\":[{\"@type\":\"SearchAction\",\"target\":{\"@type\":\"EntryPoint\",\"urlTemplate\":\"https:\\\/\\\/schiffcriminaldefense.com\\\/es\\\/?s={search_term_string}\"},\"query-input\":{\"@type\":\"PropertyValueSpecification\",\"valueRequired\":true,\"valueName\":\"search_term_string\"}}],\"inLanguage\":\"es\"}]}<\/script>\n<!-- \/ Yoast SEO plugin. -->","yoast_head_json":{"title":"Delitos de robo - Benjamin I. Schiff Criminal Defense Attorney Redlands, San Bernardino & Riverside","description":"Los delitos de robo abarcan una amplia gama de actividades, desde el simple hurto en una tienda a la malversaci\u00f3n de fondos de un empleador, pasando por el fraude fiscal y el fraude a la seguridad social.","robots":{"index":"index","follow":"follow","max-snippet":"max-snippet:-1","max-image-preview":"max-image-preview:large","max-video-preview":"max-video-preview:-1"},"canonical":"https:\/\/schiffcriminaldefense.com\/es\/delitos-de-robo\/","og_locale":"es_ES","og_type":"article","og_title":"Delitos de robo - Benjamin I. Schiff Criminal Defense Attorney Redlands, San Bernardino & Riverside","og_description":"Los delitos de robo abarcan una amplia gama de actividades, desde el simple hurto en una tienda a la malversaci\u00f3n de fondos de un empleador, pasando por el fraude fiscal y el fraude a la seguridad social.","og_url":"https:\/\/schiffcriminaldefense.com\/es\/delitos-de-robo\/","og_site_name":"Benjamin I. Schiff Criminal Defense Attorney","article_modified_time":"2025-06-30T22:23:45+00:00","twitter_card":"summary_large_image","twitter_misc":{"Tiempo de lectura":"7 minutos"},"schema":{"@context":"https:\/\/schema.org","@graph":[{"@type":"WebPage","@id":"https:\/\/schiffcriminaldefense.com\/es\/delitos-de-robo\/","url":"https:\/\/schiffcriminaldefense.com\/es\/delitos-de-robo\/","name":"Delitos de robo - Benjamin I. Schiff Criminal Defense Attorney Redlands, San Bernardino & Riverside","isPartOf":{"@id":"https:\/\/schiffcriminaldefense.com\/es\/#website"},"datePublished":"2023-07-17T22:25:08+00:00","dateModified":"2025-06-30T22:23:45+00:00","description":"Los delitos de robo abarcan una amplia gama de actividades, desde el simple hurto en una tienda a la malversaci\u00f3n de fondos de un empleador, pasando por el fraude fiscal y el fraude a la seguridad social.","breadcrumb":{"@id":"https:\/\/schiffcriminaldefense.com\/es\/delitos-de-robo\/#breadcrumb"},"inLanguage":"es","potentialAction":[{"@type":"ReadAction","target":["https:\/\/schiffcriminaldefense.com\/es\/delitos-de-robo\/"]}]},{"@type":"BreadcrumbList","@id":"https:\/\/schiffcriminaldefense.com\/es\/delitos-de-robo\/#breadcrumb","itemListElement":[{"@type":"ListItem","position":1,"name":"Home","item":"https:\/\/schiffcriminaldefense.com\/es\/home\/"},{"@type":"ListItem","position":2,"name":"Delitos de robo"}]},{"@type":"WebSite","@id":"https:\/\/schiffcriminaldefense.com\/es\/#website","url":"https:\/\/schiffcriminaldefense.com\/es\/","name":"Benjamin I. Schiff Criminal Defense Attorney","description":"San Diego, San Bernardino, Riverside Counties","potentialAction":[{"@type":"SearchAction","target":{"@type":"EntryPoint","urlTemplate":"https:\/\/schiffcriminaldefense.com\/es\/?s={search_term_string}"},"query-input":{"@type":"PropertyValueSpecification","valueRequired":true,"valueName":"search_term_string"}}],"inLanguage":"es"}]}},"_links":{"self":[{"href":"https:\/\/schiffcriminaldefense.com\/es\/wp-json\/wp\/v2\/pages\/1642","targetHints":{"allow":["GET"]}}],"collection":[{"href":"https:\/\/schiffcriminaldefense.com\/es\/wp-json\/wp\/v2\/pages"}],"about":[{"href":"https:\/\/schiffcriminaldefense.com\/es\/wp-json\/wp\/v2\/types\/page"}],"author":[{"embeddable":true,"href":"https:\/\/schiffcriminaldefense.com\/es\/wp-json\/wp\/v2\/users\/1"}],"replies":[{"embeddable":true,"href":"https:\/\/schiffcriminaldefense.com\/es\/wp-json\/wp\/v2\/comments?post=1642"}],"version-history":[{"count":14,"href":"https:\/\/schiffcriminaldefense.com\/es\/wp-json\/wp\/v2\/pages\/1642\/revisions"}],"predecessor-version":[{"id":1733,"href":"https:\/\/schiffcriminaldefense.com\/es\/wp-json\/wp\/v2\/pages\/1642\/revisions\/1733"}],"wp:attachment":[{"href":"https:\/\/schiffcriminaldefense.com\/es\/wp-json\/wp\/v2\/media?parent=1642"}],"curies":[{"name":"wp","href":"https:\/\/api.w.org\/{rel}","templated":true}]}}