{"id":1609,"date":"2023-07-17T13:53:15","date_gmt":"2023-07-17T20:53:15","guid":{"rendered":"https:\/\/schiffcriminaldefense.com\/delitos-de-drogas\/"},"modified":"2025-06-30T15:23:45","modified_gmt":"2025-06-30T22:23:45","slug":"delitos-de-drogas","status":"publish","type":"page","link":"https:\/\/schiffcriminaldefense.com\/es\/delitos-de-drogas\/","title":{"rendered":"Delitos de drogas"},"content":{"rendered":"<p><div class=\"fusion-fullwidth fullwidth-box fusion-builder-row-1 faded-background fusion-parallax-none nonhundred-percent-fullwidth non-hundred-percent-height-scrolling\" style=\"--awb-background-position:left center;--awb-border-radius-top-left:0px;--awb-border-radius-top-right:0px;--awb-border-radius-bottom-right:0px;--awb-border-radius-bottom-left:0px;--awb-padding-top:21%;--awb-padding-bottom:12%;--awb-background-size:cover;--awb-flex-wrap:wrap;\" ><div class=\"fullwidth-faded\" style=\"--awb-background-position:left center;--awb-background-image:url(https:\/\/schiffcriminaldefense.com\/wp-content\/uploads\/2019\/07\/courtroom1.jpg);--awb-background-size:cover;\" ><\/div><div class=\"fusion-builder-row fusion-row\"><div class=\"fusion-layout-column fusion_builder_column fusion-builder-column-0 fusion_builder_column_1_1 1_1 fusion-one-full fusion-column-first fusion-column-last\" style=\"--awb-bg-size:cover;\"><div class=\"fusion-column-wrapper fusion-flex-column-wrapper-legacy\"><div class=\"fusion-title title fusion-title-1 fusion-sep-none fusion-title-text fusion-title-size-one\" style=\"--awb-text-color:#ffffff;--awb-margin-top:60px;--awb-margin-top-small:180px;\"><h1 class=\"fusion-title-heading title-heading-left fusion-responsive-typography-calculated\" style=\"margin:0;--fontSize:56;line-height:1.4;\">Delitos de drogas<\/h1><\/div><div class=\"fusion-clearfix\"><\/div><\/div><\/div><\/div><\/div><div class=\"fusion-fullwidth fullwidth-box fusion-builder-row-2 nonhundred-percent-fullwidth non-hundred-percent-height-scrolling\" style=\"--awb-border-radius-top-left:0px;--awb-border-radius-top-right:0px;--awb-border-radius-bottom-right:0px;--awb-border-radius-bottom-left:0px;--awb-padding-top:80px;--awb-padding-bottom:80px;--awb-background-color:rgba(255,255,255,0);--awb-flex-wrap:wrap;\" ><div class=\"fusion-builder-row fusion-row\"><div class=\"fusion-layout-column fusion_builder_column fusion-builder-column-1 fusion_builder_column_1_2 1_2 fusion-one-half fusion-column-first fusion-animated\" style=\"--awb-bg-size:cover;width:50%;width:calc(50% - ( ( 4% ) * 0.5 ) );margin-right: 4%;\" data-animationType=\"fadeInLeft\" data-animationDuration=\"0.6\" data-animationOffset=\"top-into-view\"><div class=\"fusion-column-wrapper fusion-flex-column-wrapper-legacy\"><div class=\"fusion-text fusion-text-1 fusion-text-no-margin\" style=\"--awb-margin-bottom:10px;\"><p>Dos de los mayores avances en las leyes de drogas de California en los \u00faltimos a\u00f1os fueron las Proposiciones Electorales 47 y 64, que respectivamente redujeron la simple posesi\u00f3n de ciertos narc\u00f3ticos como la coca\u00edna y la hero\u00edna a delitos menores y legalizaron la posesi\u00f3n y el cultivo de hasta una onza de marihuana para uso personal, as\u00ed como redujeron el transporte y la venta de hasta una onza de marihuana a un delito menor. Las secciones del c\u00f3digo aplicables para aplicar estos cambios son las secciones 11350, 11362.1 y 11360 del C\u00f3digo de Salud y Seguridad de California.<\/p>\n<p>Por supuesto, esto no afecta a la venta o posesi\u00f3n para la venta de hero\u00edna, coca\u00edna u otras sustancias estupefacientes incluidas en la lista, como la metanfetamina, que siguen siendo delitos graves y, por lo general, se castigan con diversas penas de prisi\u00f3n estatales que deben cumplirse en la c\u00e1rcel del condado, de conformidad con el art\u00edculo 1170(h) del C\u00f3digo Penal. Adem\u00e1s, la venta y\/o el transporte de marihuana por cantidades superiores al consumo personal tambi\u00e9n siguen siendo conductas delictivas.<\/p>\n<p>Como en casi todos los delitos, hay cuestiones de estado mental implicadas en los delitos de venta y, especialmente, de posesi\u00f3n para la venta. Una acusaci\u00f3n de posesi\u00f3n para la venta est\u00e1 siendo obviamente recomendada por un agente y formulada por un fiscal que no conoce al acusado en particular y, por lo tanto, puede darse el caso de que las mayores cantidades en posesi\u00f3n sean para el uso personal de un adicto o de alguien que ha adquirido tal tolerancia a una droga como la metanfetamina que se requiere un mayor consumo de estas drogas que para el consumidor medio.<\/p>\n<p>Por lo tanto, es importante que una persona acusada de un delito de drogas contrate a un abogado que tenga experiencia en la defensa de este tipo de delitos con expertos, si es necesario, ante un jurado. Adem\u00e1s, muchas acusaciones de delitos de drogas son elegibles para la desviaci\u00f3n de drogas bajo el C\u00f3digo de Salud y Seguridad 1000 que puede resultar en despidos, o puede ser tratado a trav\u00e9s de la corte de drogas o programas de rehabilitaci\u00f3n de drogas adaptados individualmente que pueden mantener al acusado fuera de custodia y devolverlo a una vida productiva libre de drogas.<\/p>\n<\/div><div class=\"fusion-sep-clear\"><\/div><div class=\"fusion-separator fusion-full-width-sep\" style=\"margin-left: auto;margin-right: auto;margin-top:40px;margin-bottom:40px;width:100%;\"><div class=\"fusion-separator-border sep-single sep-solid\" style=\"--awb-height:20px;--awb-amount:20px;border-color:#e0dede;border-top-width:1px;\"><\/div><\/div><div class=\"fusion-sep-clear\"><\/div><div class=\"fusion-clearfix\"><\/div><\/div><\/div><div class=\"fusion-layout-column fusion_builder_column fusion-builder-column-2 fusion_builder_column_1_2 1_2 fusion-one-half fusion-column-last fusion-animated\" style=\"--awb-padding-top:20px;--awb-padding-right:40px;--awb-padding-bottom:40px;--awb-padding-left:40px;--awb-overflow:hidden;--awb-bg-color:#ffffff;--awb-bg-color-hover:#ffffff;--awb-bg-size:cover;--awb-box-shadow:0px 25px 20px 0px rgba(81,81,81,0.1);;--awb-border-color:#eaeaea;--awb-border-top:0;--awb-border-right:0;--awb-border-bottom:0;--awb-border-left:0;--awb-border-style:solid;--awb-border-radius:10px 10px 10px 10px;--awb-margin-top:-80px;width:50%;width:calc(50% - ( ( 4% ) * 0.5 ) );\" data-animationType=\"fadeInUp\" data-animationDuration=\"0.6\" data-animationOffset=\"top-into-view\"><div class=\"fusion-column-wrapper fusion-column-has-shadow fusion-flex-column-wrapper-legacy\"><div class=\"fusion-image-element in-legacy-container\" style=\"--awb-caption-title-font-family:var(--h2_typography-font-family);--awb-caption-title-font-weight:var(--h2_typography-font-weight);--awb-caption-title-font-style:var(--h2_typography-font-style);--awb-caption-title-size:var(--h2_typography-font-size);--awb-caption-title-transform:var(--h2_typography-text-transform);--awb-caption-title-line-height:var(--h2_typography-line-height);--awb-caption-title-letter-spacing:var(--h2_typography-letter-spacing);\"><span class=\" fusion-imageframe imageframe-none imageframe-1 hover-type-none\"><img decoding=\"async\" width=\"600\" height=\"848\" title=\"Ben-Schiff-about-page-2\" data-src=\"https:\/\/schiffcriminaldefense.com\/wp-content\/uploads\/2019\/07\/Ben-Schiff-about-page-2.jpg\" alt class=\"img-responsive wp-image-1048 lazyload\" data-srcset=\"https:\/\/schiffcriminaldefense.com\/wp-content\/uploads\/2019\/07\/Ben-Schiff-about-page-2-200x283.jpg 200w, https:\/\/schiffcriminaldefense.com\/wp-content\/uploads\/2019\/07\/Ben-Schiff-about-page-2-400x565.jpg 400w, https:\/\/schiffcriminaldefense.com\/wp-content\/uploads\/2019\/07\/Ben-Schiff-about-page-2.jpg 600w\" data-sizes=\"(max-width: 800px) 100vw, 600px\" src=\"data:image\/svg+xml;base64,PHN2ZyB3aWR0aD0iMSIgaGVpZ2h0PSIxIiB4bWxucz0iaHR0cDovL3d3dy53My5vcmcvMjAwMC9zdmciPjwvc3ZnPg==\" style=\"--smush-placeholder-width: 600px; --smush-placeholder-aspect-ratio: 600\/848;\" \/><\/span><\/div><div class=\"fusion-text fusion-text-2\"><h2 style=\"text-align: center;\">Benjamin I. Schiff<br \/>\nAbogado Criminalista<\/h2>\n<\/div><div class=\"fusion-title title fusion-title-2 fusion-sep-none fusion-title-center fusion-title-text fusion-title-size-three\" style=\"--awb-margin-top-small:0px;--awb-margin-bottom-small:20px;\"><h3 class=\"fusion-title-heading title-heading-center fusion-responsive-typography-calculated\" style=\"margin:0;--fontSize:34;line-height:1.5;\">Solicite una Consulta<\/h3><\/div><div class=\"fusion-text fusion-text-3\"><p style=\"text-align: center;\">Una consulta inicial gratuita para ver si hago un buen ajuste para su caso.<\/p>\n<\/div><div class=\"fusion-button-wrapper fusion-aligncenter\"><a class=\"fusion-button button-flat fusion-button-default-size button-default fusion-button-default button-1 fusion-button-default-span fusion-button-default-type\" target=\"_self\" href=\"tel:\/\/6197347491\"><span class=\"fusion-button-text awb-button__text awb-button__text--default\">619-734-7491<\/span><\/a><\/div><div class=\"fusion-clearfix\"><\/div><\/div><\/div><\/div><\/div><\/p>\n","protected":false},"excerpt":{"rendered":"","protected":false},"author":1,"featured_media":0,"parent":0,"menu_order":0,"comment_status":"closed","ping_status":"closed","template":"100-width.php","meta":{"footnotes":""},"class_list":["post-1609","page","type-page","status-publish","hentry"],"yoast_head":"<!-- This site is optimized with the Yoast SEO plugin v27.5 - https:\/\/yoast.com\/product\/yoast-seo-wordpress\/ -->\n<title>Delitos de drogas - Benjamin I. Schiff Criminal Defense Attorney Redlands, Riverside &amp; San Bernardino County<\/title>\n<meta name=\"description\" content=\"Cualquier persona acusada de un delito de drogas necesita un abogado con experiencia en la defensa de este tipo de delitos con expertos, si es necesario, frente a un jurado.\" \/>\n<meta name=\"robots\" content=\"index, follow, max-snippet:-1, max-image-preview:large, max-video-preview:-1\" \/>\n<link rel=\"canonical\" href=\"https:\/\/schiffcriminaldefense.com\/es\/delitos-de-drogas\/\" \/>\n<meta property=\"og:locale\" content=\"es_ES\" \/>\n<meta property=\"og:type\" content=\"article\" \/>\n<meta property=\"og:title\" content=\"Delitos de drogas - Benjamin I. Schiff Criminal Defense Attorney Redlands, Riverside &amp; San Bernardino County\" \/>\n<meta property=\"og:description\" content=\"Cualquier persona acusada de un delito de drogas necesita un abogado con experiencia en la defensa de este tipo de delitos con expertos, si es necesario, frente a un jurado.\" \/>\n<meta property=\"og:url\" content=\"https:\/\/schiffcriminaldefense.com\/es\/delitos-de-drogas\/\" \/>\n<meta property=\"og:site_name\" content=\"Benjamin I. Schiff Criminal Defense Attorney\" \/>\n<meta property=\"article:modified_time\" content=\"2025-06-30T22:23:45+00:00\" \/>\n<meta name=\"twitter:card\" content=\"summary_large_image\" \/>\n<meta name=\"twitter:label1\" content=\"Tiempo de lectura\" \/>\n\t<meta name=\"twitter:data1\" content=\"7 minutos\" \/>\n<script type=\"application\/ld+json\" class=\"yoast-schema-graph\">{\"@context\":\"https:\\\/\\\/schema.org\",\"@graph\":[{\"@type\":\"WebPage\",\"@id\":\"https:\\\/\\\/schiffcriminaldefense.com\\\/es\\\/delitos-de-drogas\\\/\",\"url\":\"https:\\\/\\\/schiffcriminaldefense.com\\\/es\\\/delitos-de-drogas\\\/\",\"name\":\"Delitos de drogas - Benjamin I. Schiff Criminal Defense Attorney Redlands, Riverside & San Bernardino County\",\"isPartOf\":{\"@id\":\"https:\\\/\\\/schiffcriminaldefense.com\\\/es\\\/#website\"},\"datePublished\":\"2023-07-17T20:53:15+00:00\",\"dateModified\":\"2025-06-30T22:23:45+00:00\",\"description\":\"Cualquier persona acusada de un delito de drogas necesita un abogado con experiencia en la defensa de este tipo de delitos con expertos, si es necesario, frente a un jurado.\",\"breadcrumb\":{\"@id\":\"https:\\\/\\\/schiffcriminaldefense.com\\\/es\\\/delitos-de-drogas\\\/#breadcrumb\"},\"inLanguage\":\"es\",\"potentialAction\":[{\"@type\":\"ReadAction\",\"target\":[\"https:\\\/\\\/schiffcriminaldefense.com\\\/es\\\/delitos-de-drogas\\\/\"]}]},{\"@type\":\"BreadcrumbList\",\"@id\":\"https:\\\/\\\/schiffcriminaldefense.com\\\/es\\\/delitos-de-drogas\\\/#breadcrumb\",\"itemListElement\":[{\"@type\":\"ListItem\",\"position\":1,\"name\":\"Home\",\"item\":\"https:\\\/\\\/schiffcriminaldefense.com\\\/es\\\/home\\\/\"},{\"@type\":\"ListItem\",\"position\":2,\"name\":\"Delitos de drogas\"}]},{\"@type\":\"WebSite\",\"@id\":\"https:\\\/\\\/schiffcriminaldefense.com\\\/es\\\/#website\",\"url\":\"https:\\\/\\\/schiffcriminaldefense.com\\\/es\\\/\",\"name\":\"Benjamin I. Schiff Criminal Defense Attorney\",\"description\":\"San Diego, San Bernardino, Riverside Counties\",\"potentialAction\":[{\"@type\":\"SearchAction\",\"target\":{\"@type\":\"EntryPoint\",\"urlTemplate\":\"https:\\\/\\\/schiffcriminaldefense.com\\\/es\\\/?s={search_term_string}\"},\"query-input\":{\"@type\":\"PropertyValueSpecification\",\"valueRequired\":true,\"valueName\":\"search_term_string\"}}],\"inLanguage\":\"es\"}]}<\/script>\n<!-- \/ Yoast SEO plugin. -->","yoast_head_json":{"title":"Delitos de drogas - Benjamin I. Schiff Criminal Defense Attorney Redlands, Riverside & San Bernardino County","description":"Cualquier persona acusada de un delito de drogas necesita un abogado con experiencia en la defensa de este tipo de delitos con expertos, si es necesario, frente a un jurado.","robots":{"index":"index","follow":"follow","max-snippet":"max-snippet:-1","max-image-preview":"max-image-preview:large","max-video-preview":"max-video-preview:-1"},"canonical":"https:\/\/schiffcriminaldefense.com\/es\/delitos-de-drogas\/","og_locale":"es_ES","og_type":"article","og_title":"Delitos de drogas - Benjamin I. Schiff Criminal Defense Attorney Redlands, Riverside & San Bernardino County","og_description":"Cualquier persona acusada de un delito de drogas necesita un abogado con experiencia en la defensa de este tipo de delitos con expertos, si es necesario, frente a un jurado.","og_url":"https:\/\/schiffcriminaldefense.com\/es\/delitos-de-drogas\/","og_site_name":"Benjamin I. Schiff Criminal Defense Attorney","article_modified_time":"2025-06-30T22:23:45+00:00","twitter_card":"summary_large_image","twitter_misc":{"Tiempo de lectura":"7 minutos"},"schema":{"@context":"https:\/\/schema.org","@graph":[{"@type":"WebPage","@id":"https:\/\/schiffcriminaldefense.com\/es\/delitos-de-drogas\/","url":"https:\/\/schiffcriminaldefense.com\/es\/delitos-de-drogas\/","name":"Delitos de drogas - Benjamin I. Schiff Criminal Defense Attorney Redlands, Riverside & San Bernardino County","isPartOf":{"@id":"https:\/\/schiffcriminaldefense.com\/es\/#website"},"datePublished":"2023-07-17T20:53:15+00:00","dateModified":"2025-06-30T22:23:45+00:00","description":"Cualquier persona acusada de un delito de drogas necesita un abogado con experiencia en la defensa de este tipo de delitos con expertos, si es necesario, frente a un jurado.","breadcrumb":{"@id":"https:\/\/schiffcriminaldefense.com\/es\/delitos-de-drogas\/#breadcrumb"},"inLanguage":"es","potentialAction":[{"@type":"ReadAction","target":["https:\/\/schiffcriminaldefense.com\/es\/delitos-de-drogas\/"]}]},{"@type":"BreadcrumbList","@id":"https:\/\/schiffcriminaldefense.com\/es\/delitos-de-drogas\/#breadcrumb","itemListElement":[{"@type":"ListItem","position":1,"name":"Home","item":"https:\/\/schiffcriminaldefense.com\/es\/home\/"},{"@type":"ListItem","position":2,"name":"Delitos de drogas"}]},{"@type":"WebSite","@id":"https:\/\/schiffcriminaldefense.com\/es\/#website","url":"https:\/\/schiffcriminaldefense.com\/es\/","name":"Benjamin I. Schiff Criminal Defense Attorney","description":"San Diego, San Bernardino, Riverside Counties","potentialAction":[{"@type":"SearchAction","target":{"@type":"EntryPoint","urlTemplate":"https:\/\/schiffcriminaldefense.com\/es\/?s={search_term_string}"},"query-input":{"@type":"PropertyValueSpecification","valueRequired":true,"valueName":"search_term_string"}}],"inLanguage":"es"}]}},"_links":{"self":[{"href":"https:\/\/schiffcriminaldefense.com\/es\/wp-json\/wp\/v2\/pages\/1609","targetHints":{"allow":["GET"]}}],"collection":[{"href":"https:\/\/schiffcriminaldefense.com\/es\/wp-json\/wp\/v2\/pages"}],"about":[{"href":"https:\/\/schiffcriminaldefense.com\/es\/wp-json\/wp\/v2\/types\/page"}],"author":[{"embeddable":true,"href":"https:\/\/schiffcriminaldefense.com\/es\/wp-json\/wp\/v2\/users\/1"}],"replies":[{"embeddable":true,"href":"https:\/\/schiffcriminaldefense.com\/es\/wp-json\/wp\/v2\/comments?post=1609"}],"version-history":[{"count":8,"href":"https:\/\/schiffcriminaldefense.com\/es\/wp-json\/wp\/v2\/pages\/1609\/revisions"}],"predecessor-version":[{"id":1739,"href":"https:\/\/schiffcriminaldefense.com\/es\/wp-json\/wp\/v2\/pages\/1609\/revisions\/1739"}],"wp:attachment":[{"href":"https:\/\/schiffcriminaldefense.com\/es\/wp-json\/wp\/v2\/media?parent=1609"}],"curies":[{"name":"wp","href":"https:\/\/api.w.org\/{rel}","templated":true}]}}