{"id":1244,"date":"2019-08-01T12:29:36","date_gmt":"2019-08-01T19:29:36","guid":{"rendered":"https:\/\/schiffcriminaldefense.com\/acerca-de-ben\/"},"modified":"2025-06-30T15:23:45","modified_gmt":"2025-06-30T22:23:45","slug":"acerca-de-ben","status":"publish","type":"page","link":"https:\/\/schiffcriminaldefense.com\/es\/acerca-de-ben\/","title":{"rendered":"Acerca"},"content":{"rendered":"<p><div class=\"fusion-fullwidth fullwidth-box fusion-builder-row-1 fusion-parallax-none nonhundred-percent-fullwidth non-hundred-percent-height-scrolling\" style=\"--awb-background-position:right bottom;--awb-border-radius-top-left:0px;--awb-border-radius-top-right:0px;--awb-border-radius-bottom-right:0px;--awb-border-radius-bottom-left:0px;--awb-padding-top:21%;--awb-padding-bottom:12%;--awb-background-image:url(&quot;https:\/\/schiffcriminaldefense.com\/wp-content\/uploads\/2019\/07\/about-header-50.jpg&quot;);--awb-background-size:cover;--awb-flex-wrap:wrap;\" ><div class=\"fusion-builder-row fusion-row\"><div class=\"fusion-layout-column fusion_builder_column fusion-builder-column-0 fusion_builder_column_1_1 1_1 fusion-one-full fusion-column-first fusion-column-last\" style=\"--awb-bg-size:cover;\"><div class=\"fusion-column-wrapper fusion-flex-column-wrapper-legacy\"><div class=\"fusion-title title fusion-title-1 fusion-sep-none fusion-title-text fusion-title-size-one\" style=\"--awb-text-color:#ffffff;--awb-margin-top:60px;--awb-margin-top-small:180px;\"><h1 class=\"fusion-title-heading title-heading-left fusion-responsive-typography-calculated\" style=\"margin:0;--fontSize:56;line-height:1.4;\">Benjamin I. Schiff, Abogado Criminalista<\/h1><\/div><div class=\"fusion-clearfix\"><\/div><\/div><\/div><\/div><\/div><div class=\"fusion-fullwidth fullwidth-box fusion-builder-row-2 nonhundred-percent-fullwidth non-hundred-percent-height-scrolling\" style=\"--awb-border-radius-top-left:0px;--awb-border-radius-top-right:0px;--awb-border-radius-bottom-right:0px;--awb-border-radius-bottom-left:0px;--awb-padding-top:80px;--awb-padding-bottom:80px;--awb-background-color:rgba(255,255,255,0);--awb-flex-wrap:wrap;\" ><div class=\"fusion-builder-row fusion-row\"><div class=\"fusion-layout-column fusion_builder_column fusion-builder-column-1 fusion_builder_column_1_2 1_2 fusion-one-half fusion-column-first fusion-animated\" style=\"--awb-bg-size:cover;width:50%;width:calc(50% - ( ( 4% ) * 0.5 ) );margin-right: 4%;\" data-animationType=\"fadeInLeft\" data-animationDuration=\"0.6\" data-animationOffset=\"top-into-view\"><div class=\"fusion-column-wrapper fusion-column-has-shadow fusion-flex-column-wrapper-legacy\"><div class=\"fusion-text fusion-text-1 fusion-text-no-margin\" style=\"--awb-margin-bottom:10px;\"><h3>Calidad \u2013 Creatividad \u2013 Resultados<\/h3>\n<p style=\"font-size: 21px;\">Antes de entrar en la pr\u00e1ctica privada Ben Schiff fue un defensor p\u00fablico adjunto en el condado de Riverside durante 11 a\u00f1os, donde trabaj\u00f3 su camino hasta abogado litigante para algunos de los casos m\u00e1s graves y dif\u00edciles:<\/p>\n<p>Crimenes violentos, entre ellos homicidios, tentativas de homicidio, crimenes relacionados con pandillas, abuso y casos de transportacion y venta de drogas, al igual que casos complejos de fraude, desfalco y hurto. Antes de trabajar en Riverside, Ben fue defensor publico adjunto en el condado de Los Angeles, donde litigo frecuentemente en juicios de casos de diversa gravedad.<\/p>\n<p>Aunque Ben manejaba una gran variedad de casos interesantes y dificiles, dejo la defensoria publica para adquirir el grado de control requerido para atender este tipo de casos mas exhaustivamente.<\/p>\n<p>Ben recurrira a los mejores expertos e investigadores con los que ha trabajado durante todos estos afios para apoyar su defensa segun sea necesario. Ben recurrira a los mejores expertos e investigadores con los que ha trabajado durante todos estos afios para apoyar su defensa segun sea necesario.<\/p>\n<blockquote>\n<p>\u00abLlegue a tomarle gusto a la defensa de hombres y mujeres acusados de delitos. Estaba trabajando con la vida, sus esperanzas y temores, aspiraciones y desesperaciones. En mi caso, me iba a las bases de la motivacion y la conducta y los ajustes para los seres humanos, en vez de hablar ciegamente del odio y de la venganza y de aquella cualidad sutil e indefinible que los hombres llaman \u00abjusticia\u00bb y de la que en realidad no se sabe nada.\u00bb \u2013 Clarence Darrow<\/p>\n<\/blockquote>\n<p>Nacido en la frontera entre Mexico y Estados Unidos y hablante nativo de espanol, Ben egreso de la carrera de derecho de la Escuela de Derecho de la Universidad de San Diego, donde se graduo con mencion honorifica magna cum laude en 1985. Se especializo en la defensa penal formando parte de la clinica de derecho penal y del equipo de litigio nacional de la escuela. Ademas, realizo trabajo avanzado en el campo del procedimiento penal y trabajo como asistente de verano para un destacado despacho de defensa penal de San Diego. Este interes por el derecho penal fue surgiendo a partir de sus clases de justicia penal, etica y filosofia en la licenciatura. Ben se graduo de la Universidad de Stanford en 1979 con una licenciatura en filosofia con honores en las humanidades. Entre la universidad y la escuela de derecho, Ben trabajo tres anos en empresas privadas y posteriormente paso 17 anos en Nueva York, donde se formo y trabajo como actor de teatro.<\/p>\n<\/div><div class=\"fusion-sep-clear\"><\/div><div class=\"fusion-separator fusion-full-width-sep\" style=\"margin-left: auto;margin-right: auto;margin-top:40px;margin-bottom:40px;width:100%;\"><div class=\"fusion-separator-border sep-single sep-solid\" style=\"--awb-height:20px;--awb-amount:20px;border-color:#e0dede;border-top-width:1px;\"><\/div><\/div><div class=\"fusion-sep-clear\"><\/div><div class=\"fusion-clearfix\"><\/div><\/div><\/div><div class=\"fusion-layout-column fusion_builder_column fusion-builder-column-2 fusion_builder_column_1_2 1_2 fusion-one-half fusion-column-last fusion-animated\" style=\"--awb-padding-top:20px;--awb-padding-right:40px;--awb-padding-bottom:40px;--awb-padding-left:40px;--awb-overflow:hidden;--awb-bg-color:#ffffff;--awb-bg-color-hover:#ffffff;--awb-bg-size:cover;--awb-box-shadow:0px 25px 20px 0px rgba(81,81,81,0.1);;--awb-border-color:#eaeaea;--awb-border-top:0;--awb-border-right:0;--awb-border-bottom:0;--awb-border-left:0;--awb-border-style:solid;--awb-border-radius:10px 10px 10px 10px;--awb-margin-top:-80px;width:50%;width:calc(50% - ( ( 4% ) * 0.5 ) );\" data-animationType=\"fadeInUp\" data-animationDuration=\"0.6\" data-animationOffset=\"top-into-view\"><div class=\"fusion-column-wrapper fusion-column-has-shadow fusion-flex-column-wrapper-legacy\"><div class=\"fusion-image-element in-legacy-container\" style=\"--awb-caption-title-font-family:var(--h2_typography-font-family);--awb-caption-title-font-weight:var(--h2_typography-font-weight);--awb-caption-title-font-style:var(--h2_typography-font-style);--awb-caption-title-size:var(--h2_typography-font-size);--awb-caption-title-transform:var(--h2_typography-text-transform);--awb-caption-title-line-height:var(--h2_typography-line-height);--awb-caption-title-letter-spacing:var(--h2_typography-letter-spacing);\"><span class=\" fusion-imageframe imageframe-none imageframe-1 hover-type-none\"><img decoding=\"async\" width=\"600\" height=\"869\" title=\"Ben-Schiff-criminal-defense-lawyer-2\" data-src=\"https:\/\/schiffcriminaldefense.com\/wp-content\/uploads\/2019\/07\/Ben-Schiff-criminal-defense-lawyer-2.jpg\" alt class=\"img-responsive wp-image-1027 lazyload\" data-srcset=\"https:\/\/schiffcriminaldefense.com\/wp-content\/uploads\/2019\/07\/Ben-Schiff-criminal-defense-lawyer-2-200x290.jpg 200w, https:\/\/schiffcriminaldefense.com\/wp-content\/uploads\/2019\/07\/Ben-Schiff-criminal-defense-lawyer-2-400x579.jpg 400w, https:\/\/schiffcriminaldefense.com\/wp-content\/uploads\/2019\/07\/Ben-Schiff-criminal-defense-lawyer-2.jpg 600w\" data-sizes=\"(max-width: 800px) 100vw, 600px\" src=\"data:image\/svg+xml;base64,PHN2ZyB3aWR0aD0iMSIgaGVpZ2h0PSIxIiB4bWxucz0iaHR0cDovL3d3dy53My5vcmcvMjAwMC9zdmciPjwvc3ZnPg==\" style=\"--smush-placeholder-width: 600px; --smush-placeholder-aspect-ratio: 600\/869;\" \/><\/span><\/div><div class=\"fusion-text fusion-text-2\"><h2 style=\"text-align: center;\">Benjamin I. Schiff<br \/>\nAbogado Criminalista<\/h2>\n<\/div><div class=\"fusion-title title fusion-title-2 fusion-sep-none fusion-title-center fusion-title-text fusion-title-size-three\" style=\"--awb-margin-top-small:0px;--awb-margin-bottom-small:20px;\"><h3 class=\"fusion-title-heading title-heading-center fusion-responsive-typography-calculated\" style=\"margin:0;--fontSize:34;line-height:1.5;\">Solicite una Consulta<\/h3><\/div><div class=\"fusion-text fusion-text-3\"><p style=\"text-align: center;\">Una consulta inicial gratuita para ver si hago un buen ajuste para su caso.<\/p>\n<\/div><div class=\"fusion-button-wrapper fusion-aligncenter\"><a class=\"fusion-button button-flat fusion-button-default-size button-default fusion-button-default button-1 fusion-button-default-span fusion-button-default-type\" target=\"_self\" href=\"tel:\/\/6197347491\"><span class=\"fusion-button-text awb-button__text awb-button__text--default\">619-734-7491<\/span><\/a><\/div><div class=\"fusion-clearfix\"><\/div><\/div><\/div><\/div><\/div><\/p>\n","protected":false},"excerpt":{"rendered":"","protected":false},"author":1,"featured_media":0,"parent":0,"menu_order":0,"comment_status":"closed","ping_status":"closed","template":"100-width.php","meta":{"footnotes":""},"class_list":["post-1244","page","type-page","status-publish","hentry"],"yoast_head":"<!-- This site is optimized with the Yoast SEO plugin v27.5 - https:\/\/yoast.com\/product\/yoast-seo-wordpress\/ -->\n<title>Acerca Benjamin I. Schiff Criminal Defense Attorney - Redlands, San Bernardino &amp; Riverside County<\/title>\n<meta name=\"description\" content=\"Ben se licenci\u00f3 en Derecho en 1985 por la Facultad de Derecho de la Universidad de San Diego, con matr\u00edcula de honor. Fue abogado de oficio durante 11 a\u00f1os y ascendi\u00f3 a abogado litigante.\" \/>\n<meta name=\"robots\" content=\"index, follow, max-snippet:-1, max-image-preview:large, max-video-preview:-1\" \/>\n<link rel=\"canonical\" href=\"https:\/\/schiffcriminaldefense.com\/es\/acerca-de-ben\/\" \/>\n<meta property=\"og:locale\" content=\"es_ES\" \/>\n<meta property=\"og:type\" content=\"article\" \/>\n<meta property=\"og:title\" content=\"Acerca Benjamin I. Schiff Criminal Defense Attorney - Redlands, San Bernardino &amp; Riverside County\" \/>\n<meta property=\"og:description\" content=\"Ben se licenci\u00f3 en Derecho en 1985 por la Facultad de Derecho de la Universidad de San Diego, con matr\u00edcula de honor. Fue abogado de oficio durante 11 a\u00f1os y ascendi\u00f3 a abogado litigante.\" \/>\n<meta property=\"og:url\" content=\"https:\/\/schiffcriminaldefense.com\/es\/acerca-de-ben\/\" \/>\n<meta property=\"og:site_name\" content=\"Benjamin I. Schiff Criminal Defense Attorney\" \/>\n<meta property=\"article:modified_time\" content=\"2025-06-30T22:23:45+00:00\" \/>\n<meta name=\"twitter:card\" content=\"summary_large_image\" \/>\n<meta name=\"twitter:label1\" content=\"Tiempo de lectura\" \/>\n\t<meta name=\"twitter:data1\" content=\"8 minutos\" \/>\n<script type=\"application\/ld+json\" class=\"yoast-schema-graph\">{\"@context\":\"https:\\\/\\\/schema.org\",\"@graph\":[{\"@type\":\"WebPage\",\"@id\":\"https:\\\/\\\/schiffcriminaldefense.com\\\/es\\\/acerca-de-ben\\\/\",\"url\":\"https:\\\/\\\/schiffcriminaldefense.com\\\/es\\\/acerca-de-ben\\\/\",\"name\":\"Acerca Benjamin I. Schiff Criminal Defense Attorney - Redlands, San Bernardino & Riverside County\",\"isPartOf\":{\"@id\":\"https:\\\/\\\/schiffcriminaldefense.com\\\/es\\\/#website\"},\"datePublished\":\"2019-08-01T19:29:36+00:00\",\"dateModified\":\"2025-06-30T22:23:45+00:00\",\"description\":\"Ben se licenci\u00f3 en Derecho en 1985 por la Facultad de Derecho de la Universidad de San Diego, con matr\u00edcula de honor. Fue abogado de oficio durante 11 a\u00f1os y ascendi\u00f3 a abogado litigante.\",\"breadcrumb\":{\"@id\":\"https:\\\/\\\/schiffcriminaldefense.com\\\/es\\\/acerca-de-ben\\\/#breadcrumb\"},\"inLanguage\":\"es\",\"potentialAction\":[{\"@type\":\"ReadAction\",\"target\":[\"https:\\\/\\\/schiffcriminaldefense.com\\\/es\\\/acerca-de-ben\\\/\"]}]},{\"@type\":\"BreadcrumbList\",\"@id\":\"https:\\\/\\\/schiffcriminaldefense.com\\\/es\\\/acerca-de-ben\\\/#breadcrumb\",\"itemListElement\":[{\"@type\":\"ListItem\",\"position\":1,\"name\":\"Home\",\"item\":\"https:\\\/\\\/schiffcriminaldefense.com\\\/es\\\/home\\\/\"},{\"@type\":\"ListItem\",\"position\":2,\"name\":\"Acerca\"}]},{\"@type\":\"WebSite\",\"@id\":\"https:\\\/\\\/schiffcriminaldefense.com\\\/es\\\/#website\",\"url\":\"https:\\\/\\\/schiffcriminaldefense.com\\\/es\\\/\",\"name\":\"Benjamin I. Schiff Criminal Defense Attorney\",\"description\":\"San Diego, San Bernardino, Riverside Counties\",\"potentialAction\":[{\"@type\":\"SearchAction\",\"target\":{\"@type\":\"EntryPoint\",\"urlTemplate\":\"https:\\\/\\\/schiffcriminaldefense.com\\\/es\\\/?s={search_term_string}\"},\"query-input\":{\"@type\":\"PropertyValueSpecification\",\"valueRequired\":true,\"valueName\":\"search_term_string\"}}],\"inLanguage\":\"es\"}]}<\/script>\n<!-- \/ Yoast SEO plugin. -->","yoast_head_json":{"title":"Acerca Benjamin I. Schiff Criminal Defense Attorney - Redlands, San Bernardino & Riverside County","description":"Ben se licenci\u00f3 en Derecho en 1985 por la Facultad de Derecho de la Universidad de San Diego, con matr\u00edcula de honor. Fue abogado de oficio durante 11 a\u00f1os y ascendi\u00f3 a abogado litigante.","robots":{"index":"index","follow":"follow","max-snippet":"max-snippet:-1","max-image-preview":"max-image-preview:large","max-video-preview":"max-video-preview:-1"},"canonical":"https:\/\/schiffcriminaldefense.com\/es\/acerca-de-ben\/","og_locale":"es_ES","og_type":"article","og_title":"Acerca Benjamin I. Schiff Criminal Defense Attorney - Redlands, San Bernardino & Riverside County","og_description":"Ben se licenci\u00f3 en Derecho en 1985 por la Facultad de Derecho de la Universidad de San Diego, con matr\u00edcula de honor. Fue abogado de oficio durante 11 a\u00f1os y ascendi\u00f3 a abogado litigante.","og_url":"https:\/\/schiffcriminaldefense.com\/es\/acerca-de-ben\/","og_site_name":"Benjamin I. Schiff Criminal Defense Attorney","article_modified_time":"2025-06-30T22:23:45+00:00","twitter_card":"summary_large_image","twitter_misc":{"Tiempo de lectura":"8 minutos"},"schema":{"@context":"https:\/\/schema.org","@graph":[{"@type":"WebPage","@id":"https:\/\/schiffcriminaldefense.com\/es\/acerca-de-ben\/","url":"https:\/\/schiffcriminaldefense.com\/es\/acerca-de-ben\/","name":"Acerca Benjamin I. Schiff Criminal Defense Attorney - Redlands, San Bernardino & Riverside County","isPartOf":{"@id":"https:\/\/schiffcriminaldefense.com\/es\/#website"},"datePublished":"2019-08-01T19:29:36+00:00","dateModified":"2025-06-30T22:23:45+00:00","description":"Ben se licenci\u00f3 en Derecho en 1985 por la Facultad de Derecho de la Universidad de San Diego, con matr\u00edcula de honor. Fue abogado de oficio durante 11 a\u00f1os y ascendi\u00f3 a abogado litigante.","breadcrumb":{"@id":"https:\/\/schiffcriminaldefense.com\/es\/acerca-de-ben\/#breadcrumb"},"inLanguage":"es","potentialAction":[{"@type":"ReadAction","target":["https:\/\/schiffcriminaldefense.com\/es\/acerca-de-ben\/"]}]},{"@type":"BreadcrumbList","@id":"https:\/\/schiffcriminaldefense.com\/es\/acerca-de-ben\/#breadcrumb","itemListElement":[{"@type":"ListItem","position":1,"name":"Home","item":"https:\/\/schiffcriminaldefense.com\/es\/home\/"},{"@type":"ListItem","position":2,"name":"Acerca"}]},{"@type":"WebSite","@id":"https:\/\/schiffcriminaldefense.com\/es\/#website","url":"https:\/\/schiffcriminaldefense.com\/es\/","name":"Benjamin I. Schiff Criminal Defense Attorney","description":"San Diego, San Bernardino, Riverside Counties","potentialAction":[{"@type":"SearchAction","target":{"@type":"EntryPoint","urlTemplate":"https:\/\/schiffcriminaldefense.com\/es\/?s={search_term_string}"},"query-input":{"@type":"PropertyValueSpecification","valueRequired":true,"valueName":"search_term_string"}}],"inLanguage":"es"}]}},"_links":{"self":[{"href":"https:\/\/schiffcriminaldefense.com\/es\/wp-json\/wp\/v2\/pages\/1244","targetHints":{"allow":["GET"]}}],"collection":[{"href":"https:\/\/schiffcriminaldefense.com\/es\/wp-json\/wp\/v2\/pages"}],"about":[{"href":"https:\/\/schiffcriminaldefense.com\/es\/wp-json\/wp\/v2\/types\/page"}],"author":[{"embeddable":true,"href":"https:\/\/schiffcriminaldefense.com\/es\/wp-json\/wp\/v2\/users\/1"}],"replies":[{"embeddable":true,"href":"https:\/\/schiffcriminaldefense.com\/es\/wp-json\/wp\/v2\/comments?post=1244"}],"version-history":[{"count":43,"href":"https:\/\/schiffcriminaldefense.com\/es\/wp-json\/wp\/v2\/pages\/1244\/revisions"}],"predecessor-version":[{"id":1734,"href":"https:\/\/schiffcriminaldefense.com\/es\/wp-json\/wp\/v2\/pages\/1244\/revisions\/1734"}],"wp:attachment":[{"href":"https:\/\/schiffcriminaldefense.com\/es\/wp-json\/wp\/v2\/media?parent=1244"}],"curies":[{"name":"wp","href":"https:\/\/api.w.org\/{rel}","templated":true}]}}