{"id":1229,"date":"2019-08-01T12:04:56","date_gmt":"2019-08-01T19:04:56","guid":{"rendered":"https:\/\/schiffcriminaldefense.com\/home\/"},"modified":"2025-06-30T15:23:45","modified_gmt":"2025-06-30T22:23:45","slug":"home","status":"publish","type":"page","link":"https:\/\/schiffcriminaldefense.com\/es\/","title":{"rendered":"Home"},"content":{"rendered":"<p><div class=\"fusion-fullwidth fullwidth-box fusion-builder-row-1 fusion-parallax-none nonhundred-percent-fullwidth non-hundred-percent-height-scrolling\" style=\"--awb-border-radius-top-left:0px;--awb-border-radius-top-right:0px;--awb-border-radius-bottom-right:0px;--awb-border-radius-bottom-left:0px;--awb-padding-top:21%;--awb-padding-bottom:12%;--awb-background-image:url(&quot;https:\/\/schiffcriminaldefense.com\/wp-content\/uploads\/2019\/07\/scales-of-justice-75-1.jpg&quot;);--awb-background-size:cover;--awb-flex-wrap:wrap;\" ><div class=\"fusion-builder-row fusion-row\"><div class=\"fusion-layout-column fusion_builder_column fusion-builder-column-0 fusion_builder_column_1_1 1_1 fusion-one-full fusion-column-first fusion-column-last fusion-animated\" style=\"--awb-bg-size:cover;\" data-animationType=\"fadeInLeft\" data-animationDuration=\"0.6\" data-animationOffset=\"top-into-view\"><div class=\"fusion-column-wrapper fusion-column-has-shadow fusion-flex-column-wrapper-legacy\"><div class=\"fusion-title title fusion-title-1 fusion-sep-none fusion-title-text fusion-title-size-one\" style=\"--awb-margin-top:60px;--awb-margin-bottom:0px;--awb-margin-top-small:180px;--awb-margin-bottom-small:0px;\"><h1 class=\"fusion-title-heading title-heading-left fusion-responsive-typography-calculated\" style=\"margin:0;--fontSize:56;line-height:1.4;\">Representacion de alta calidad que da resultados<\/h1><\/div><div class=\"fusion-text fusion-text-1\"><p><span style=\"color: #ffffff; font-size: 26px;\">Anos de experiencia y un solido historial de exitos<\/span><\/p>\n<\/div><div class=\"fusion-clearfix\"><\/div><\/div><\/div><\/div><\/div><div class=\"fusion-fullwidth fullwidth-box fusion-builder-row-2 nonhundred-percent-fullwidth non-hundred-percent-height-scrolling\" style=\"--awb-border-radius-top-left:0px;--awb-border-radius-top-right:0px;--awb-border-radius-bottom-right:0px;--awb-border-radius-bottom-left:0px;--awb-padding-top:80px;--awb-padding-bottom:80px;--awb-background-color:rgba(255,255,255,0);--awb-flex-wrap:wrap;\" ><div class=\"fusion-builder-row fusion-row\"><div class=\"fusion-layout-column fusion_builder_column fusion-builder-column-1 fusion_builder_column_1_2 1_2 fusion-one-half fusion-column-first fusion-animated\" style=\"--awb-bg-size:cover;width:50%;width:calc(50% - ( ( 4% ) * 0.5 ) );margin-right: 4%;\" data-animationType=\"fadeInLeft\" data-animationDuration=\"0.6\" data-animationOffset=\"top-into-view\"><div class=\"fusion-column-wrapper fusion-flex-column-wrapper-legacy\"><div class=\"fusion-text fusion-text-2\"><p style=\"font-size: 21px;\">La defensa penal es un campo especializado del derecho con consecuencias muy profundas, ya que siempre esta en juego el derecho humano fundamental a la libertad, lo mas preciado que tenemos.<\/p>\n<p>Por lo tanto, se requiere un abogado con la experiencia, inteligencia y creatividad necesarias para pelear contra los cargos, desde el arresto hasta el juicio.<\/p>\n<p>Usted puede tener la seguridad de que, como abogado litigante con experiencia en casos penales complejos, si acepto su caso es porque creo firmemente en el con base en un examen exhaustivo. De igual manera, si me parece claro que alguien mas podra atenderle mejor, sere sincero al respecto.<\/p>\n<\/div><div class=\"fusion-sep-clear\"><\/div><div class=\"fusion-separator fusion-full-width-sep\" style=\"margin-left: auto;margin-right: auto;margin-top:60px;margin-bottom:40px;width:100%;\"><\/div><div class=\"fusion-sep-clear\"><\/div><div class=\"fusion-text fusion-text-3\"><h3>Especialidades<\/h3>\n<\/div><ul style=\"--awb-line-height:44.2px;--awb-icon-width:44.2px;--awb-icon-height:44.2px;--awb-icon-margin:18.2px;--awb-content-margin:62.4px;--awb-circlecolor:#466ecb;--awb-circle-yes-font-size:22.88px;\" class=\"fusion-checklist fusion-checklist-1 fusion-checklist-default fusion-checklist-divider type-icons\"><li class=\"fusion-li-item\" style=\"\"><span class=\"icon-wrapper circle-yes\"><i class=\"fusion-li-icon fa-balance-scale fas\" aria-hidden=\"true\"><\/i><\/span><div class=\"fusion-li-item-content\"><a href=\"https:\/\/schiffcriminaldefense.com\/es\/violencia-domestica\/\">VIOLENCIA INTRAFAMILIAR<\/a><\/div><\/li><li class=\"fusion-li-item\" style=\"\"><span class=\"icon-wrapper circle-yes\"><i class=\"fusion-li-icon fa-balance-scale fas\" aria-hidden=\"true\"><\/i><\/span><div class=\"fusion-li-item-content\"><a href=\"https:\/\/schiffcriminaldefense.com\/es\/delitos-sexuales\/\">DELITOS SEXUALES<\/a><\/div><\/li><li class=\"fusion-li-item\" style=\"\"><span class=\"icon-wrapper circle-yes\"><i class=\"fusion-li-icon fa-balance-scale fas\" aria-hidden=\"true\"><\/i><\/span><div class=\"fusion-li-item-content\"><a href=\"https:\/\/schiffcriminaldefense.com\/es\/delitos-violentos\/\">CRIMENES VIOLENTOS<\/a><\/div><\/li><li class=\"fusion-li-item\" style=\"\"><span class=\"icon-wrapper circle-yes\"><i class=\"fusion-li-icon fa-balance-scale fas\" aria-hidden=\"true\"><\/i><\/span><div class=\"fusion-li-item-content\"><a href=\"https:\/\/schiffcriminaldefense.com\/es\/delitos-de-bandas\/\">CRIMENES DE PANDILLAS<\/a><\/div><\/li><li class=\"fusion-li-item\" style=\"\"><span class=\"icon-wrapper circle-yes\"><i class=\"fusion-li-icon fa-balance-scale fas\" aria-hidden=\"true\"><\/i><\/span><div class=\"fusion-li-item-content\"><a href=\"https:\/\/schiffcriminaldefense.com\/es\/delitos-de-drogas\/\">DELITOS DE DROGAS<\/a><\/div><\/li><li class=\"fusion-li-item\" style=\"\"><span class=\"icon-wrapper circle-yes\"><i class=\"fusion-li-icon fa-balance-scale fas\" aria-hidden=\"true\"><\/i><\/span><div class=\"fusion-li-item-content\"><a href=\"https:\/\/schiffcriminaldefense.com\/es\/delitos-de-robo\/\">ROBOS<\/a><\/div><\/li><li class=\"fusion-li-item\" style=\"\"><span class=\"icon-wrapper circle-yes\"><i class=\"fusion-li-icon fa-balance-scale fas\" aria-hidden=\"true\"><\/i><\/span><div class=\"fusion-li-item-content\"><a href=\"https:\/\/schiffcriminaldefense.com\/es\/pruebas-forenses\/\">PRUEBAS FORENSES<\/a><\/div><\/li><\/ul><div class=\"fusion-sep-clear\"><\/div><div class=\"fusion-separator fusion-full-width-sep\" style=\"margin-left: auto;margin-right: auto;margin-top:60px;margin-bottom:40px;width:100%;\"><\/div><div class=\"fusion-sep-clear\"><\/div><div class=\"fusion-text fusion-text-4\"><h3>Afiliaciones<\/h3>\n<\/div><div class=\"fusion-image-element fusion-image-align-center in-legacy-container\" style=\"text-align:center;--awb-margin-bottom:10px;--awb-caption-title-font-family:var(--h2_typography-font-family);--awb-caption-title-font-weight:var(--h2_typography-font-weight);--awb-caption-title-font-style:var(--h2_typography-font-style);--awb-caption-title-size:var(--h2_typography-font-size);--awb-caption-title-transform:var(--h2_typography-text-transform);--awb-caption-title-line-height:var(--h2_typography-line-height);--awb-caption-title-letter-spacing:var(--h2_typography-letter-spacing);\"><div class=\"imageframe-align-center\"><span class=\" fusion-imageframe imageframe-none imageframe-1 hover-type-none\"><img decoding=\"async\" width=\"446\" height=\"233\" title=\"associations-web\" data-src=\"https:\/\/schiffcriminaldefense.com\/wp-content\/uploads\/2019\/08\/associations-web.png\" alt class=\"img-responsive wp-image-1410 lazyload\" data-srcset=\"https:\/\/schiffcriminaldefense.com\/wp-content\/uploads\/2019\/08\/associations-web-200x104.png 200w, https:\/\/schiffcriminaldefense.com\/wp-content\/uploads\/2019\/08\/associations-web-400x209.png 400w, https:\/\/schiffcriminaldefense.com\/wp-content\/uploads\/2019\/08\/associations-web.png 446w\" data-sizes=\"(max-width: 800px) 100vw, 446px\" src=\"data:image\/svg+xml;base64,PHN2ZyB3aWR0aD0iMSIgaGVpZ2h0PSIxIiB4bWxucz0iaHR0cDovL3d3dy53My5vcmcvMjAwMC9zdmciPjwvc3ZnPg==\" style=\"--smush-placeholder-width: 446px; --smush-placeholder-aspect-ratio: 446\/233;\" \/><\/span><\/div><\/div><div class=\"fusion-sep-clear\"><\/div><div class=\"fusion-separator fusion-full-width-sep\" style=\"margin-left: auto;margin-right: auto;margin-top:60px;margin-bottom:50px;width:100%;\"><div class=\"fusion-separator-border sep-single sep-solid\" style=\"--awb-height:20px;--awb-amount:20px;border-color:#e0dede;border-top-width:0px;\"><\/div><\/div><div class=\"fusion-sep-clear\"><\/div><div class=\"fusion-clearfix\"><\/div><\/div><\/div><div class=\"fusion-layout-column fusion_builder_column fusion-builder-column-2 fusion_builder_column_1_2 1_2 fusion-one-half fusion-column-last fusion-animated\" style=\"--awb-padding-top:20px;--awb-padding-right:40px;--awb-padding-bottom:40px;--awb-padding-left:40px;--awb-overflow:hidden;--awb-bg-color:#ffffff;--awb-bg-color-hover:#ffffff;--awb-bg-size:cover;--awb-box-shadow:0px 25px 20px 0px rgba(81,81,81,0.1);;--awb-border-color:#eaeaea;--awb-border-top:0;--awb-border-right:0;--awb-border-bottom:0;--awb-border-left:0;--awb-border-style:solid;--awb-border-radius:10px 10px 10px 10px;--awb-margin-top:-80px;width:50%;width:calc(50% - ( ( 4% ) * 0.5 ) );\" data-animationType=\"fadeInUp\" data-animationDuration=\"0.6\" data-animationOffset=\"top-into-view\"><div class=\"fusion-column-wrapper fusion-column-has-shadow fusion-flex-column-wrapper-legacy\"><div class=\"fusion-image-element in-legacy-container\" style=\"--awb-caption-title-font-family:var(--h2_typography-font-family);--awb-caption-title-font-weight:var(--h2_typography-font-weight);--awb-caption-title-font-style:var(--h2_typography-font-style);--awb-caption-title-size:var(--h2_typography-font-size);--awb-caption-title-transform:var(--h2_typography-text-transform);--awb-caption-title-line-height:var(--h2_typography-line-height);--awb-caption-title-letter-spacing:var(--h2_typography-letter-spacing);\"><span class=\" fusion-imageframe imageframe-none imageframe-2 hover-type-none\"><img decoding=\"async\" width=\"600\" height=\"848\" title=\"Ben-Schiff-about-page-2\" data-src=\"https:\/\/schiffcriminaldefense.com\/wp-content\/uploads\/2019\/07\/Ben-Schiff-about-page-2.jpg\" alt class=\"img-responsive wp-image-1048 lazyload\" data-srcset=\"https:\/\/schiffcriminaldefense.com\/wp-content\/uploads\/2019\/07\/Ben-Schiff-about-page-2-200x283.jpg 200w, https:\/\/schiffcriminaldefense.com\/wp-content\/uploads\/2019\/07\/Ben-Schiff-about-page-2-400x565.jpg 400w, https:\/\/schiffcriminaldefense.com\/wp-content\/uploads\/2019\/07\/Ben-Schiff-about-page-2.jpg 600w\" data-sizes=\"(max-width: 800px) 100vw, 600px\" src=\"data:image\/svg+xml;base64,PHN2ZyB3aWR0aD0iMSIgaGVpZ2h0PSIxIiB4bWxucz0iaHR0cDovL3d3dy53My5vcmcvMjAwMC9zdmciPjwvc3ZnPg==\" style=\"--smush-placeholder-width: 600px; --smush-placeholder-aspect-ratio: 600\/848;\" \/><\/span><\/div><div class=\"fusion-text fusion-text-5\"><h2 style=\"text-align: center;\">Benjamin I. Schiff<br \/>\nAbogado Criminalista<\/h2>\n<\/div><div class=\"fusion-title title fusion-title-2 fusion-sep-none fusion-title-center fusion-title-text fusion-title-size-three\" style=\"--awb-margin-top-small:0px;--awb-margin-bottom-small:20px;\"><h3 class=\"fusion-title-heading title-heading-center fusion-responsive-typography-calculated\" style=\"margin:0;--fontSize:34;line-height:1.5;\">Solicite una Consulta<\/h3><\/div><div class=\"fusion-text fusion-text-6\"><p style=\"text-align: center;\">Una consulta inicial gratuita para ver si hago un buen ajuste para su caso.<\/p>\n<\/div><div class=\"fusion-button-wrapper fusion-aligncenter\"><a class=\"fusion-button button-flat fusion-button-default-size button-default fusion-button-default button-1 fusion-button-default-span fusion-button-default-type\" target=\"_self\" href=\"tel:\/\/6197347491\"><span class=\"fusion-button-text awb-button__text awb-button__text--default\">619-734-7491<\/span><\/a><\/div><div class=\"fusion-clearfix\"><\/div><\/div><\/div><\/div><\/div><\/p>\n","protected":false},"excerpt":{"rendered":"","protected":false},"author":1,"featured_media":0,"parent":0,"menu_order":0,"comment_status":"closed","ping_status":"closed","template":"100-width.php","meta":{"footnotes":""},"class_list":["post-1229","page","type-page","status-publish","hentry"],"yoast_head":"<!-- This site is optimized with the Yoast SEO plugin v27.5 - https:\/\/yoast.com\/product\/yoast-seo-wordpress\/ -->\n<title>Benjamin I. Schiff Criminal Defense Attorney - Redlands, San Bernardino, Condado de Riverside<\/title>\n<meta name=\"description\" content=\"Experiencia en casos complejos, Violencia Domestica, Cr\u00edmenes Sexuales, Cr\u00edmenes de Drogas, Robo, Cr\u00edmenes de Pandillas. Oficinas en Redlands, CA. Tel\u00e9fono: 909-689-4439\" \/>\n<meta name=\"robots\" content=\"index, follow, max-snippet:-1, max-image-preview:large, max-video-preview:-1\" \/>\n<link rel=\"canonical\" href=\"https:\/\/schiffcriminaldefense.com\/es\/\" \/>\n<meta property=\"og:locale\" content=\"es_ES\" \/>\n<meta property=\"og:type\" content=\"article\" \/>\n<meta property=\"og:title\" content=\"Benjamin I. Schiff Criminal Defense Attorney - Redlands, San Bernardino, Condado de Riverside\" \/>\n<meta property=\"og:description\" content=\"Experiencia en casos complejos, Violencia Domestica, Cr\u00edmenes Sexuales, Cr\u00edmenes de Drogas, Robo, Cr\u00edmenes de Pandillas. Oficinas en Redlands, CA. Tel\u00e9fono: 909-689-4439\" \/>\n<meta property=\"og:url\" content=\"https:\/\/schiffcriminaldefense.com\/es\/\" \/>\n<meta property=\"og:site_name\" content=\"Benjamin I. Schiff Criminal Defense Attorney\" \/>\n<meta property=\"article:modified_time\" content=\"2025-06-30T22:23:45+00:00\" \/>\n<meta name=\"twitter:card\" content=\"summary_large_image\" \/>\n<meta name=\"twitter:label1\" content=\"Tiempo de lectura\" \/>\n\t<meta name=\"twitter:data1\" content=\"8 minutos\" \/>\n<script type=\"application\/ld+json\" class=\"yoast-schema-graph\">{\"@context\":\"https:\\\/\\\/schema.org\",\"@graph\":[{\"@type\":\"WebPage\",\"@id\":\"https:\\\/\\\/schiffcriminaldefense.com\\\/es\\\/\",\"url\":\"https:\\\/\\\/schiffcriminaldefense.com\\\/es\\\/\",\"name\":\"Benjamin I. Schiff Criminal Defense Attorney - Redlands, San Bernardino, Condado de Riverside\",\"isPartOf\":{\"@id\":\"https:\\\/\\\/schiffcriminaldefense.com\\\/es\\\/#website\"},\"datePublished\":\"2019-08-01T19:04:56+00:00\",\"dateModified\":\"2025-06-30T22:23:45+00:00\",\"description\":\"Experiencia en casos complejos, Violencia Domestica, Cr\u00edmenes Sexuales, Cr\u00edmenes de Drogas, Robo, Cr\u00edmenes de Pandillas. Oficinas en Redlands, CA. Tel\u00e9fono: 909-689-4439\",\"breadcrumb\":{\"@id\":\"https:\\\/\\\/schiffcriminaldefense.com\\\/es\\\/#breadcrumb\"},\"inLanguage\":\"es\",\"potentialAction\":[{\"@type\":\"ReadAction\",\"target\":[\"https:\\\/\\\/schiffcriminaldefense.com\\\/es\\\/\"]}]},{\"@type\":\"BreadcrumbList\",\"@id\":\"https:\\\/\\\/schiffcriminaldefense.com\\\/es\\\/#breadcrumb\",\"itemListElement\":[{\"@type\":\"ListItem\",\"position\":1,\"name\":\"Home\",\"item\":\"https:\\\/\\\/schiffcriminaldefense.com\\\/es\\\/home\\\/\"},{\"@type\":\"ListItem\",\"position\":2,\"name\":\"Home\"}]},{\"@type\":\"WebSite\",\"@id\":\"https:\\\/\\\/schiffcriminaldefense.com\\\/es\\\/#website\",\"url\":\"https:\\\/\\\/schiffcriminaldefense.com\\\/es\\\/\",\"name\":\"Benjamin I. Schiff Criminal Defense Attorney\",\"description\":\"San Diego, San Bernardino, Riverside Counties\",\"potentialAction\":[{\"@type\":\"SearchAction\",\"target\":{\"@type\":\"EntryPoint\",\"urlTemplate\":\"https:\\\/\\\/schiffcriminaldefense.com\\\/es\\\/?s={search_term_string}\"},\"query-input\":{\"@type\":\"PropertyValueSpecification\",\"valueRequired\":true,\"valueName\":\"search_term_string\"}}],\"inLanguage\":\"es\"}]}<\/script>\n<!-- \/ Yoast SEO plugin. -->","yoast_head_json":{"title":"Benjamin I. Schiff Criminal Defense Attorney - Redlands, San Bernardino, Condado de Riverside","description":"Experiencia en casos complejos, Violencia Domestica, Cr\u00edmenes Sexuales, Cr\u00edmenes de Drogas, Robo, Cr\u00edmenes de Pandillas. Oficinas en Redlands, CA. Tel\u00e9fono: 909-689-4439","robots":{"index":"index","follow":"follow","max-snippet":"max-snippet:-1","max-image-preview":"max-image-preview:large","max-video-preview":"max-video-preview:-1"},"canonical":"https:\/\/schiffcriminaldefense.com\/es\/","og_locale":"es_ES","og_type":"article","og_title":"Benjamin I. Schiff Criminal Defense Attorney - Redlands, San Bernardino, Condado de Riverside","og_description":"Experiencia en casos complejos, Violencia Domestica, Cr\u00edmenes Sexuales, Cr\u00edmenes de Drogas, Robo, Cr\u00edmenes de Pandillas. Oficinas en Redlands, CA. Tel\u00e9fono: 909-689-4439","og_url":"https:\/\/schiffcriminaldefense.com\/es\/","og_site_name":"Benjamin I. Schiff Criminal Defense Attorney","article_modified_time":"2025-06-30T22:23:45+00:00","twitter_card":"summary_large_image","twitter_misc":{"Tiempo de lectura":"8 minutos"},"schema":{"@context":"https:\/\/schema.org","@graph":[{"@type":"WebPage","@id":"https:\/\/schiffcriminaldefense.com\/es\/","url":"https:\/\/schiffcriminaldefense.com\/es\/","name":"Benjamin I. Schiff Criminal Defense Attorney - Redlands, San Bernardino, Condado de Riverside","isPartOf":{"@id":"https:\/\/schiffcriminaldefense.com\/es\/#website"},"datePublished":"2019-08-01T19:04:56+00:00","dateModified":"2025-06-30T22:23:45+00:00","description":"Experiencia en casos complejos, Violencia Domestica, Cr\u00edmenes Sexuales, Cr\u00edmenes de Drogas, Robo, Cr\u00edmenes de Pandillas. Oficinas en Redlands, CA. Tel\u00e9fono: 909-689-4439","breadcrumb":{"@id":"https:\/\/schiffcriminaldefense.com\/es\/#breadcrumb"},"inLanguage":"es","potentialAction":[{"@type":"ReadAction","target":["https:\/\/schiffcriminaldefense.com\/es\/"]}]},{"@type":"BreadcrumbList","@id":"https:\/\/schiffcriminaldefense.com\/es\/#breadcrumb","itemListElement":[{"@type":"ListItem","position":1,"name":"Home","item":"https:\/\/schiffcriminaldefense.com\/es\/home\/"},{"@type":"ListItem","position":2,"name":"Home"}]},{"@type":"WebSite","@id":"https:\/\/schiffcriminaldefense.com\/es\/#website","url":"https:\/\/schiffcriminaldefense.com\/es\/","name":"Benjamin I. Schiff Criminal Defense Attorney","description":"San Diego, San Bernardino, Riverside Counties","potentialAction":[{"@type":"SearchAction","target":{"@type":"EntryPoint","urlTemplate":"https:\/\/schiffcriminaldefense.com\/es\/?s={search_term_string}"},"query-input":{"@type":"PropertyValueSpecification","valueRequired":true,"valueName":"search_term_string"}}],"inLanguage":"es"}]}},"_links":{"self":[{"href":"https:\/\/schiffcriminaldefense.com\/es\/wp-json\/wp\/v2\/pages\/1229","targetHints":{"allow":["GET"]}}],"collection":[{"href":"https:\/\/schiffcriminaldefense.com\/es\/wp-json\/wp\/v2\/pages"}],"about":[{"href":"https:\/\/schiffcriminaldefense.com\/es\/wp-json\/wp\/v2\/types\/page"}],"author":[{"embeddable":true,"href":"https:\/\/schiffcriminaldefense.com\/es\/wp-json\/wp\/v2\/users\/1"}],"replies":[{"embeddable":true,"href":"https:\/\/schiffcriminaldefense.com\/es\/wp-json\/wp\/v2\/comments?post=1229"}],"version-history":[{"count":41,"href":"https:\/\/schiffcriminaldefense.com\/es\/wp-json\/wp\/v2\/pages\/1229\/revisions"}],"predecessor-version":[{"id":1736,"href":"https:\/\/schiffcriminaldefense.com\/es\/wp-json\/wp\/v2\/pages\/1229\/revisions\/1736"}],"wp:attachment":[{"href":"https:\/\/schiffcriminaldefense.com\/es\/wp-json\/wp\/v2\/media?parent=1229"}],"curies":[{"name":"wp","href":"https:\/\/api.w.org\/{rel}","templated":true}]}}